{"id":2,"date":"2024-09-10T16:03:12","date_gmt":"2024-09-10T16:03:12","guid":{"rendered":"http:\/\/spasofsweden.se\/?page_id=2"},"modified":"2024-10-11T14:31:40","modified_gmt":"2024-10-11T14:31:40","slug":"sample-page","status":"publish","type":"page","link":"https:\/\/spasofsweden.se\/","title":{"rendered":"V\u00e4lkommen till Spas of Sweden \u2013 Din Oas av Avkoppling"},"content":{"rendered":"\t\t<div data-elementor-type=\"wp-page\" data-elementor-id=\"2\" class=\"elementor elementor-2\" data-elementor-post-type=\"page\">\n\t\t\t\t<div class=\"elementor-element elementor-element-6b49795 e-flex e-con-boxed e-con e-parent\" data-id=\"6b49795\" data-element_type=\"container\">\n\t\t\t\t\t<div class=\"e-con-inner\">\n\t\t\t\t<div class=\"elementor-element elementor-element-c618ca6 elementor-widget elementor-widget-heading\" data-id=\"c618ca6\" data-element_type=\"widget\" data-widget_type=\"heading.default\">\n\t\t\t\t<div class=\"elementor-widget-container\">\n\t\t\t<h1 class=\"elementor-heading-title elementor-size-default\">SpABAD OCH POOLER F\u00d6R ALLA HEM<\/h1>\t\t<\/div>\n\t\t\t\t<\/div>\n\t\t\t\t\t<\/div>\n\t\t\t\t<\/div>\n\t\t<div class=\"elementor-element elementor-element-72f1274 e-grid elementor-hidden-tablet elementor-hidden-mobile e-con-boxed e-con e-parent\" data-id=\"72f1274\" data-element_type=\"container\">\n\t\t\t\t\t<div class=\"e-con-inner\">\n\t\t<div class=\"elementor-element elementor-element-8b2c496 e-grid e-con-full e-con e-child\" data-id=\"8b2c496\" data-element_type=\"container\">\n\t\t\t\t<div class=\"elementor-element elementor-element-a3e0e18 elementor-widget elementor-widget-image\" data-id=\"a3e0e18\" data-element_type=\"widget\" data-widget_type=\"image.default\">\n\t\t\t\t<div class=\"elementor-widget-container\">\n\t\t\t\t\t\t\t\t\t\t\t\t\t<img decoding=\"async\" src=\"https:\/\/spasofsweden.se\/wp-content\/uploads\/2024\/09\/haley-phelps-S-llxYh3GzI-unsplash-scaled.jpg\" title=\"haley-phelps-S-llxYh3GzI-unsplash\" alt=\"haley-phelps-S-llxYh3GzI-unsplash\" loading=\"lazy\" \/>\t\t\t\t\t\t\t\t\t\t\t\t\t<\/div>\n\t\t\t\t<\/div>\n\t\t\t\t<div class=\"elementor-element elementor-element-9b49049 elementor-widget elementor-widget-text-editor\" data-id=\"9b49049\" data-element_type=\"widget\" data-widget_type=\"text-editor.default\">\n\t\t\t\t<div class=\"elementor-widget-container\">\n\t\t\t\t\t\t\t<h2 style=\"font-family: oswald;\">Pool<\/h2>\n<p>Vi erbjuder ett omfattande sortiment av pooler som passar alla behov, fr\u00e5n sm\u00e5 familjepooler till st\u00f6rre l\u00f6sningar f\u00f6r hela tr\u00e4dg\u00e5rden. V\u00e5ra pooler \u00e4r byggda med fokus p\u00e5 h\u00f6g kvalitet och h\u00e5llbarhet, s\u00e5 att du kan njuta av svalkande dopp under m\u00e5nga \u00e5r fram\u00f6ver.&nbsp;<\/p>\t\t\t\t\t\t<\/div>\n\t\t\t\t<\/div>\n\t\t\t\t<\/div>\n\t\t<div class=\"elementor-element elementor-element-5edd4c0 e-grid e-con-full e-con e-child\" data-id=\"5edd4c0\" data-element_type=\"container\">\n\t\t\t\t<div class=\"elementor-element elementor-element-152296b elementor-widget elementor-widget-image\" data-id=\"152296b\" data-element_type=\"widget\" data-widget_type=\"image.default\">\n\t\t\t\t<div class=\"elementor-widget-container\">\n\t\t\t\t\t\t\t\t\t\t\t\t\t<img decoding=\"async\" src=\"https:\/\/spasofsweden.se\/wp-content\/uploads\/2024\/09\/logan-stone-hCTLx7QrE-w-unsplash-scaled.jpg\" title=\"logan-stone-hCTLx7QrE-w-unsplash\" alt=\"logan-stone-hCTLx7QrE-w-unsplash\" loading=\"lazy\" \/>\t\t\t\t\t\t\t\t\t\t\t\t\t<\/div>\n\t\t\t\t<\/div>\n\t\t\t\t<div class=\"elementor-element elementor-element-b00103f elementor-widget elementor-widget-text-editor\" data-id=\"b00103f\" data-element_type=\"widget\" data-widget_type=\"text-editor.default\">\n\t\t\t\t<div class=\"elementor-widget-container\">\n\t\t\t\t\t\t\t<h2 style=\"font-family: oswald;\">Spabad<\/h2>\n<p>Uppt\u00e4ck v\u00e5rt exklusiva utbud av spabad, skapade f\u00f6r att ge dig den ultimata avkopplingen. Utrustade med den senaste tekniken och \u00e4r tillverkade av noggrant utvalda material f\u00f6r att s\u00e4kerst\u00e4lla maximal komfort och h\u00e5llbarhet.&nbsp;<\/p>\t\t\t\t\t\t<\/div>\n\t\t\t\t<\/div>\n\t\t\t\t<\/div>\n\t\t\t\t\t<\/div>\n\t\t\t\t<\/div>\n\t\t<div class=\"elementor-element elementor-element-4c7dc3e e-grid elementor-hidden-desktop e-con-boxed e-con e-parent\" data-id=\"4c7dc3e\" data-element_type=\"container\">\n\t\t\t\t\t<div class=\"e-con-inner\">\n\t\t<div class=\"elementor-element elementor-element-e16b5e9 e-con-full e-flex e-con e-child\" data-id=\"e16b5e9\" data-element_type=\"container\">\n\t\t\t\t<div class=\"elementor-element elementor-element-13e4857 elementor-widget elementor-widget-image\" data-id=\"13e4857\" data-element_type=\"widget\" data-widget_type=\"image.default\">\n\t\t\t\t<div class=\"elementor-widget-container\">\n\t\t\t\t\t\t\t\t\t\t\t\t\t<img decoding=\"async\" src=\"https:\/\/spasofsweden.se\/wp-content\/uploads\/2024\/09\/haley-phelps-S-llxYh3GzI-unsplash-scaled.jpg\" title=\"haley-phelps-S-llxYh3GzI-unsplash\" alt=\"haley-phelps-S-llxYh3GzI-unsplash\" loading=\"lazy\" \/>\t\t\t\t\t\t\t\t\t\t\t\t\t<\/div>\n\t\t\t\t<\/div>\n\t\t\t\t<div class=\"elementor-element elementor-element-4a3fbd7 elementor-widget elementor-widget-text-editor\" data-id=\"4a3fbd7\" data-element_type=\"widget\" data-widget_type=\"text-editor.default\">\n\t\t\t\t<div class=\"elementor-widget-container\">\n\t\t\t\t\t\t\t<h2 style=\"font-family: oswald;\">Pool<\/h2>\n<p>Vi erbjuder ett omfattande sortiment av pooler som passar alla behov, fr\u00e5n sm\u00e5 familjepooler till st\u00f6rre l\u00f6sningar f\u00f6r hela tr\u00e4dg\u00e5rden. V\u00e5ra pooler \u00e4r byggda med fokus p\u00e5 h\u00f6g kvalitet och h\u00e5llbarhet, s\u00e5 att du kan njuta av svalkande dopp under m\u00e5nga \u00e5r fram\u00f6ver.&nbsp;<\/p>\t\t\t\t\t\t<\/div>\n\t\t\t\t<\/div>\n\t\t\t\t<\/div>\n\t\t<div class=\"elementor-element elementor-element-3494ced e-con-full e-flex e-con e-child\" data-id=\"3494ced\" data-element_type=\"container\">\n\t\t\t\t<div class=\"elementor-element elementor-element-7eb96c0 elementor-widget elementor-widget-image\" data-id=\"7eb96c0\" data-element_type=\"widget\" data-widget_type=\"image.default\">\n\t\t\t\t<div class=\"elementor-widget-container\">\n\t\t\t\t\t\t\t\t\t\t\t\t\t<img decoding=\"async\" src=\"https:\/\/spasofsweden.se\/wp-content\/uploads\/2024\/09\/logan-stone-hCTLx7QrE-w-unsplash-scaled.jpg\" title=\"logan-stone-hCTLx7QrE-w-unsplash\" alt=\"logan-stone-hCTLx7QrE-w-unsplash\" loading=\"lazy\" \/>\t\t\t\t\t\t\t\t\t\t\t\t\t<\/div>\n\t\t\t\t<\/div>\n\t\t\t\t<div class=\"elementor-element elementor-element-742f247 elementor-widget elementor-widget-text-editor\" data-id=\"742f247\" data-element_type=\"widget\" data-widget_type=\"text-editor.default\">\n\t\t\t\t<div class=\"elementor-widget-container\">\n\t\t\t\t\t\t\t<h2 style=\"font-family: oswald;\">Spabad<\/h2>\n<p>Uppt\u00e4ck v\u00e5rt exklusiva utbud av spabad, skapade f\u00f6r att ge dig den ultimata avkopplingen. Utrustade med den senaste tekniken och \u00e4r tillverkade av noggrant utvalda material f\u00f6r att s\u00e4kerst\u00e4lla maximal komfort och h\u00e5llbarhet.&nbsp;<\/p>\t\t\t\t\t\t<\/div>\n\t\t\t\t<\/div>\n\t\t\t\t<\/div>\n\t\t\t\t\t<\/div>\n\t\t\t\t<\/div>\n\t\t<div class=\"elementor-element elementor-element-c537752 e-flex e-con-boxed e-con e-parent\" data-id=\"c537752\" data-element_type=\"container\" data-settings=\"{&quot;background_background&quot;:&quot;classic&quot;}\">\n\t\t\t\t\t<div class=\"e-con-inner\">\n\t\t\t\t<div class=\"elementor-element elementor-element-2851f5f elementor-widget elementor-widget-heading\" data-id=\"2851f5f\" data-element_type=\"widget\" data-widget_type=\"heading.default\">\n\t\t\t\t<div class=\"elementor-widget-container\">\n\t\t\t<h2 class=\"elementor-heading-title elementor-size-default\">Pooler och spabad<\/h2>\t\t<\/div>\n\t\t\t\t<\/div>\n\t\t\t\t<div class=\"elementor-element elementor-element-bfcb7ee elementor-widget elementor-widget-heading\" data-id=\"bfcb7ee\" data-element_type=\"widget\" data-widget_type=\"heading.default\">\n\t\t\t\t<div class=\"elementor-widget-container\">\n\t\t\t<h1 class=\"elementor-heading-title elementor-size-default\">Skr\u00e4ddarsydd lyx<\/h1>\t\t<\/div>\n\t\t\t\t<\/div>\n\t\t\t\t<div class=\"elementor-element elementor-element-54007d0 elementor-widget elementor-widget-text-editor\" data-id=\"54007d0\" data-element_type=\"widget\" data-widget_type=\"text-editor.default\">\n\t\t\t\t<div class=\"elementor-widget-container\">\n\t\t\t\t\t\t\t<p>Vi erbjuder ett brett utbud av spabad och pooler, designade f\u00f6r att m\u00f6ta dina unika behov. Med noggrant utvalda material, avancerad teknik och en tidl\u00f6s\ndesign skapar vi l\u00f6sningar som ger dig och dina n\u00e4ra och k\u00e4ra en upplevelse ut\u00f6ver det vanliga.<\/p>\t\t\t\t\t\t<\/div>\n\t\t\t\t<\/div>\n\t\t<div class=\"elementor-element elementor-element-492ddf4 e-grid e-con-full e-con e-child\" data-id=\"492ddf4\" data-element_type=\"container\">\n\t\t\t\t<div class=\"elementor-element elementor-element-170338e elementor-position-top elementor-widget elementor-widget-image-box\" data-id=\"170338e\" data-element_type=\"widget\" data-widget_type=\"image-box.default\">\n\t\t\t\t<div class=\"elementor-widget-container\">\n\t\t\t<div class=\"elementor-image-box-wrapper\"><figure class=\"elementor-image-box-img\"><img fetchpriority=\"high\" decoding=\"async\" width=\"300\" height=\"300\" src=\"https:\/\/spasofsweden.se\/wp-content\/uploads\/2024\/10\/diamond-1-svg.svg\" class=\"attachment-medium size-medium wp-image-591\" alt=\"\" \/><\/figure><div class=\"elementor-image-box-content\"><h5 class=\"elementor-image-box-title\">Kvalitet i varje detalj<\/h5><p class=\"elementor-image-box-description\">V\u00e5ra produkter \u00e4r tillverkade f\u00f6r att\nh\u00e5lla, med fokus p\u00e5 b\u00e5de komfort och\nh\u00e5llbarhet.<\/p><\/div><\/div>\t\t<\/div>\n\t\t\t\t<\/div>\n\t\t\t\t<div class=\"elementor-element elementor-element-dc13b5c elementor-position-top elementor-widget elementor-widget-image-box\" data-id=\"dc13b5c\" data-element_type=\"widget\" data-widget_type=\"image-box.default\">\n\t\t\t\t<div class=\"elementor-widget-container\">\n\t\t\t<div class=\"elementor-image-box-wrapper\"><figure class=\"elementor-image-box-img\"><img decoding=\"async\" width=\"700\" height=\"700\" src=\"https:\/\/spasofsweden.se\/wp-content\/uploads\/2024\/09\/monitor-2.svg\" class=\"attachment-full size-full wp-image-206\" alt=\"\" \/><\/figure><div class=\"elementor-image-box-content\"><h5 class=\"elementor-image-box-title\">Elegant design<\/h5><p class=\"elementor-image-box-description\">Vi kombinerar stil och funktion f\u00f6r att\nskapa estetiskt tilltalande och bekv\u00e4ma\nspabad och pooler.<\/p><\/div><\/div>\t\t<\/div>\n\t\t\t\t<\/div>\n\t\t\t\t<div class=\"elementor-element elementor-element-206b85d elementor-position-top elementor-widget elementor-widget-image-box\" data-id=\"206b85d\" data-element_type=\"widget\" data-widget_type=\"image-box.default\">\n\t\t\t\t<div class=\"elementor-widget-container\">\n\t\t\t<div class=\"elementor-image-box-wrapper\"><figure class=\"elementor-image-box-img\"><img decoding=\"async\" width=\"700\" height=\"700\" src=\"https:\/\/spasofsweden.se\/wp-content\/uploads\/2024\/10\/customer-care-1-svg.svg\" class=\"attachment-full size-full wp-image-590\" alt=\"\" \/><\/figure><div class=\"elementor-image-box-content\"><h5 class=\"elementor-image-box-title\">Personlig service<\/h5><p class=\"elementor-image-box-description\">V\u00e5rt erfarna team hj\u00e4lper dig hela v\u00e4gen,\nfr\u00e5n planering till installation.<\/p><\/div><\/div>\t\t<\/div>\n\t\t\t\t<\/div>\n\t\t\t\t<\/div>\n\t\t\t\t\t<\/div>\n\t\t\t\t<\/div>\n\t\t<div class=\"elementor-element elementor-element-d4406c6 e-grid e-con-boxed e-con e-parent\" data-id=\"d4406c6\" data-element_type=\"container\">\n\t\t\t\t\t<div class=\"e-con-inner\">\n\t\t\t\t<div class=\"elementor-element elementor-element-c6e3392 puff elementor-widget elementor-widget-heading\" data-id=\"c6e3392\" data-element_type=\"widget\" data-widget_type=\"heading.default\">\n\t\t\t\t<div class=\"elementor-widget-container\">\n\t\t\t<h2 class=\"elementor-heading-title elementor-size-default\"><a href=\"https:\/\/spasofsweden.se\/?page_id=17\">om oss<\/a><\/h2>\t\t<\/div>\n\t\t\t\t<\/div>\n\t\t\t\t<div class=\"elementor-element elementor-element-f974730 puff elementor-widget elementor-widget-heading\" data-id=\"f974730\" data-element_type=\"widget\" data-widget_type=\"heading.default\">\n\t\t\t\t<div class=\"elementor-widget-container\">\n\t\t\t<h2 class=\"elementor-heading-title elementor-size-default\"><a href=\"https:\/\/spasofsweden.se\/?page_id=16\">BLOGG<\/a><\/h2>\t\t<\/div>\n\t\t\t\t<\/div>\n\t\t\t\t\t<\/div>\n\t\t\t\t<\/div>\n\t\t<div class=\"elementor-element elementor-element-3257230 e-flex e-con-boxed e-con e-parent\" data-id=\"3257230\" data-element_type=\"container\">\n\t\t\t\t\t<div class=\"e-con-inner\">\n\t\t\t\t<div class=\"elementor-element elementor-element-26766f3 elementor-widget elementor-widget-heading\" data-id=\"26766f3\" data-element_type=\"widget\" data-widget_type=\"heading.default\">\n\t\t\t\t<div class=\"elementor-widget-container\">\n\t\t\t<h2 class=\"elementor-heading-title elementor-size-default\">V\u00e5ra kunder ber\u00e4ttar<\/h2>\t\t<\/div>\n\t\t\t\t<\/div>\n\t\t\t\t\t<\/div>\n\t\t\t\t<\/div>\n\t\t<div class=\"elementor-element elementor-element-4e83b0b e-flex e-con-boxed e-con e-parent\" data-id=\"4e83b0b\" data-element_type=\"container\">\n\t\t\t\t\t<div class=\"e-con-inner\">\n\t\t\t\t<div class=\"elementor-element elementor-element-3c1cf0e elementor-arrows-yes elementor-pagination-type-bullets elementor-review--has-separator elementor--star-style-star_fontawesome elementor-widget elementor-widget-reviews\" data-id=\"3c1cf0e\" data-element_type=\"widget\" data-settings=\"{&quot;show_arrows&quot;:&quot;yes&quot;,&quot;pagination&quot;:&quot;bullets&quot;,&quot;speed&quot;:500,&quot;autoplay&quot;:&quot;yes&quot;,&quot;autoplay_speed&quot;:5000,&quot;loop&quot;:&quot;yes&quot;,&quot;pause_on_hover&quot;:&quot;yes&quot;,&quot;pause_on_interaction&quot;:&quot;yes&quot;,&quot;space_between&quot;:{&quot;unit&quot;:&quot;px&quot;,&quot;size&quot;:10,&quot;sizes&quot;:[]},&quot;space_between_tablet&quot;:{&quot;unit&quot;:&quot;px&quot;,&quot;size&quot;:10,&quot;sizes&quot;:[]},&quot;space_between_mobile&quot;:{&quot;unit&quot;:&quot;px&quot;,&quot;size&quot;:10,&quot;sizes&quot;:[]}}\" data-widget_type=\"reviews.default\">\n\t\t\t\t<div class=\"elementor-widget-container\">\n\t\t\t\t\t<div class=\"elementor-swiper\">\n\t\t\t<div class=\"elementor-main-swiper swiper\">\n\t\t\t\t<div class=\"swiper-wrapper\">\n\t\t\t\t\t\t\t\t\t\t\t<div class=\"swiper-slide\">\n\t\t\t\t\t\t\t\t\t<div class=\"elementor-testimonial elementor-repeater-item-3abcb49\">\n\t\t\t\t\t\t\t<div class=\"elementor-testimonial__header\">\n\t\t\t\t\t\t\t\t\t\t<cite class=\"elementor-testimonial__cite\"><span class=\"elementor-testimonial__name\">Emma Lindstr\u00f6m<\/span><div class=\"elementor-star-rating\"><i class=\"elementor-star-full\">&#xE934;<\/i><i class=\"elementor-star-full\">&#xE934;<\/i><i class=\"elementor-star-full\">&#xE934;<\/i><i class=\"elementor-star-full\">&#xE934;<\/i><i class=\"elementor-star-full\">&#xE934;<\/i><\/div><\/cite>\t\t\t\t\t<div class=\"elementor-testimonial__icon elementor-icon elementor-icon-\"><span class=\"elementor-screen-only\">Read More<\/span><\/div>\t\t\t\t<\/div>\n\t\t\t\t\t\t\t\t\t\t<div class=\"elementor-testimonial__content\">\n\t\t\t\t\t<div class=\"elementor-testimonial__text\">\n\t\t\t\t\t\tJag \u00e4r s\u00e5 n\u00f6jd med mitt nya spabad fr\u00e5n Spas of Sweden! Det blev verkligen ett lyft f\u00f6r v\u00e5r uteplats, och hela familjen \u00e4lskar det. Servicen var fantastisk \u2013 fr\u00e5n f\u00f6rsta kontakten till installationen. Jag uppskattade verkligen deras professionalism och att de tog sig tid att f\u00f6rst\u00e5 vad vi beh\u00f6vde. Nu kan vi njuta av avkoppling \u00e5ret runt!\t\t\t\t\t<\/div>\n\t\t\t\t<\/div>\n\t\t\t\t\t<\/div>\n\t\t\t\t\t\t\t\t<\/div>\n\t\t\t\t\t\t\t\t\t\t\t<div class=\"swiper-slide\">\n\t\t\t\t\t\t\t\t\t<div class=\"elementor-testimonial elementor-repeater-item-7c7908f\">\n\t\t\t\t\t\t\t<div class=\"elementor-testimonial__header\">\n\t\t\t\t\t\t\t\t\t\t<cite class=\"elementor-testimonial__cite\"><span class=\"elementor-testimonial__name\">Johan Sandstr\u00f6m<\/span><div class=\"elementor-star-rating\"><i class=\"elementor-star-full\">&#xE934;<\/i><i class=\"elementor-star-full\">&#xE934;<\/i><i class=\"elementor-star-full\">&#xE934;<\/i><i class=\"elementor-star-full\">&#xE934;<\/i><i class=\"elementor-star-5\">&#xE934;<\/i><\/div><\/cite>\t\t\t\t\t<div class=\"elementor-testimonial__icon elementor-icon elementor-icon-\"><span class=\"elementor-screen-only\">Read More<\/span><\/div>\t\t\t\t<\/div>\n\t\t\t\t\t\t\t\t\t\t<div class=\"elementor-testimonial__content\">\n\t\t\t\t\t<div class=\"elementor-testimonial__text\">\n\t\t\t\t\t\tVi best\u00e4llde en pool fr\u00e5n Spas of Sweden och hela processen gick smidigt. De hj\u00e4lpte oss att anpassa designen efter v\u00e5r tr\u00e4dg\u00e5rd och gav oss bra r\u00e5d om underh\u00e5ll. Installationen var snabbare \u00e4n f\u00f6rv\u00e4ntat och resultatet \u00e4r otroligt.\t\t\t\t\t<\/div>\n\t\t\t\t<\/div>\n\t\t\t\t\t<\/div>\n\t\t\t\t\t\t\t\t<\/div>\n\t\t\t\t\t\t\t\t\t\t\t<div class=\"swiper-slide\">\n\t\t\t\t\t\t\t\t\t<div class=\"elementor-testimonial elementor-repeater-item-6f59ba5\">\n\t\t\t\t\t\t\t<div class=\"elementor-testimonial__header\">\n\t\t\t\t\t\t\t\t\t\t<cite class=\"elementor-testimonial__cite\"><span class=\"elementor-testimonial__name\">Sofia Alm<\/span><div class=\"elementor-star-rating\"><i class=\"elementor-star-full\">&#xE934;<\/i><i class=\"elementor-star-full\">&#xE934;<\/i><i class=\"elementor-star-full\">&#xE934;<\/i><i class=\"elementor-star-full\">&#xE934;<\/i><i class=\"elementor-star-full\">&#xE934;<\/i><\/div><\/cite>\t\t\t\t\t<div class=\"elementor-testimonial__icon elementor-icon elementor-icon-\"><span class=\"elementor-screen-only\">Read More<\/span><\/div>\t\t\t\t<\/div>\n\t\t\t\t\t\t\t\t\t\t<div class=\"elementor-testimonial__content\">\n\t\t\t\t\t<div class=\"elementor-testimonial__text\">\n\t\t\t\t\t\tHelt underbart! Jag k\u00f6pte ett spabad f\u00f6rra \u00e5ret och det har varit den b\u00e4sta investeringen f\u00f6r mitt hem. Kvaliteten \u00e4r fantastisk, och det k\u00e4nns lyxigt varje g\u00e5ng jag anv\u00e4nder det. Spas of Sweden var verkligen hj\u00e4lpsamma och gjorde hela upplevelsen enkel. Jag rekommenderar dem starkt till alla som vill skapa sin egen lilla oas hemma.\t\t\t\t\t<\/div>\n\t\t\t\t<\/div>\n\t\t\t\t\t<\/div>\n\t\t\t\t\t\t\t\t<\/div>\n\t\t\t\t\t\t\t\t\t<\/div>\n\t\t\t\t\t\t\t\t\t\t\t\t\t\t\t<div class=\"swiper-pagination\"><\/div>\n\t\t\t\t\t\t\t\t\t\t\t\t\t\t\t\t<div class=\"elementor-swiper-button elementor-swiper-button-prev\" role=\"button\" tabindex=\"0\">\n\t\t\t\t\t\t\t<svg aria-hidden=\"true\" class=\"e-font-icon-svg e-eicon-chevron-left\" viewBox=\"0 0 1000 1000\" xmlns=\"http:\/\/www.w3.org\/2000\/svg\"><path d=\"M646 125C629 125 613 133 604 142L308 442C296 454 292 471 292 487 292 504 296 521 308 533L604 854C617 867 629 875 646 875 663 875 679 871 692 858 704 846 713 829 713 812 713 796 708 779 692 767L438 487 692 225C700 217 708 204 708 187 708 171 704 154 692 142 675 129 663 125 646 125Z\"><\/path><\/svg>\t\t\t\t\t\t\t<span class=\"elementor-screen-only\">Previous<\/span>\n\t\t\t\t\t\t<\/div>\n\t\t\t\t\t\t<div class=\"elementor-swiper-button elementor-swiper-button-next\" role=\"button\" tabindex=\"0\">\n\t\t\t\t\t\t\t<svg aria-hidden=\"true\" class=\"e-font-icon-svg e-eicon-chevron-right\" viewBox=\"0 0 1000 1000\" xmlns=\"http:\/\/www.w3.org\/2000\/svg\"><path d=\"M696 533C708 521 713 504 713 487 713 471 708 454 696 446L400 146C388 133 375 125 354 125 338 125 325 129 313 142 300 154 292 171 292 187 292 204 296 221 308 233L563 492 304 771C292 783 288 800 288 817 288 833 296 850 308 863 321 871 338 875 354 875 371 875 388 867 400 854L696 533Z\"><\/path><\/svg>\t\t\t\t\t\t\t<span class=\"elementor-screen-only\">Next<\/span>\n\t\t\t\t\t\t<\/div>\n\t\t\t\t\t\t\t\t\t\t\t\t<\/div>\n\t\t<\/div>\n\t\t\t\t<\/div>\n\t\t\t\t<\/div>\n\t\t\t\t\t<\/div>\n\t\t\t\t<\/div>\n\t\t\t\t<\/div>\n\t\t","protected":false},"excerpt":{"rendered":"<p>SpABAD OCH POOLER F\u00d6R ALLA HEM Pool Vi erbjuder ett omfattande sortiment av pooler som passar alla behov, fr\u00e5n sm\u00e5 familjepooler till st\u00f6rre l\u00f6sningar f\u00f6r hela tr\u00e4dg\u00e5rden. V\u00e5ra pooler \u00e4r byggda med fokus p\u00e5 h\u00f6g kvalitet och h\u00e5llbarhet, s\u00e5 att du kan njuta av svalkande dopp under m\u00e5nga \u00e5r fram\u00f6ver.&nbsp; Spabad Uppt\u00e4ck v\u00e5rt exklusiva utbud [&hellip;]<\/p>\n","protected":false},"author":1,"featured_media":0,"parent":0,"menu_order":0,"comment_status":"closed","ping_status":"open","template":"","meta":{"rank_math_lock_modified_date":false,"footnotes":""},"class_list":["post-2","page","type-page","status-publish","hentry"],"_links":{"self":[{"href":"https:\/\/spasofsweden.se\/index.php?rest_route=\/wp\/v2\/pages\/2","targetHints":{"allow":["GET"]}}],"collection":[{"href":"https:\/\/spasofsweden.se\/index.php?rest_route=\/wp\/v2\/pages"}],"about":[{"href":"https:\/\/spasofsweden.se\/index.php?rest_route=\/wp\/v2\/types\/page"}],"author":[{"embeddable":true,"href":"https:\/\/spasofsweden.se\/index.php?rest_route=\/wp\/v2\/users\/1"}],"replies":[{"embeddable":true,"href":"https:\/\/spasofsweden.se\/index.php?rest_route=%2Fwp%2Fv2%2Fcomments&post=2"}],"version-history":[{"count":180,"href":"https:\/\/spasofsweden.se\/index.php?rest_route=\/wp\/v2\/pages\/2\/revisions"}],"predecessor-version":[{"id":781,"href":"https:\/\/spasofsweden.se\/index.php?rest_route=\/wp\/v2\/pages\/2\/revisions\/781"}],"wp:attachment":[{"href":"https:\/\/spasofsweden.se\/index.php?rest_route=%2Fwp%2Fv2%2Fmedia&parent=2"}],"curies":[{"name":"wp","href":"https:\/\/api.w.org\/{rel}","templated":true}]}}