{"id":15,"date":"2024-09-18T10:39:30","date_gmt":"2024-09-18T10:39:30","guid":{"rendered":"https:\/\/spasofsweden.se\/?page_id=15"},"modified":"2024-10-11T14:21:42","modified_gmt":"2024-10-11T14:21:42","slug":"om-oss-2","status":"publish","type":"page","link":"https:\/\/spasofsweden.se\/?page_id=15","title":{"rendered":"Kontakt"},"content":{"rendered":"\t\t<div data-elementor-type=\"wp-page\" data-elementor-id=\"15\" class=\"elementor elementor-15\" data-elementor-post-type=\"page\">\n\t\t\t\t<div class=\"elementor-element elementor-element-9595b93 e-flex e-con-boxed e-con e-parent\" data-id=\"9595b93\" data-element_type=\"container\">\n\t\t\t\t\t<div class=\"e-con-inner\">\n\t\t\t\t<div class=\"elementor-element elementor-element-94a61fc elementor-widget elementor-widget-text-editor\" data-id=\"94a61fc\" data-element_type=\"widget\" data-widget_type=\"text-editor.default\">\n\t\t\t\t<div class=\"elementor-widget-container\">\n\t\t\t\t\t\t\t<p>Har du fr\u00e5gor eller funderingar? Vi hj\u00e4lper dig g\u00e4rna! Oavsett om du vill veta mer om v\u00e5ra spabad och pooler, eller om du beh\u00f6ver r\u00e5dgivning inf\u00f6r ditt k\u00f6p, \u00e4r v\u00e5rt team h\u00e4r f\u00f6r att hj\u00e4lpa dig.<\/p>\n<p>Bes\u00f6k en av v\u00e5ra butiker nedan, fyll i formul\u00e4ret eller ring oss direkt. Vi ser fram emot att h\u00f6ra fr\u00e5n dig och hj\u00e4lpa dig skapa din dr\u00f6moas!<\/p>\t\t\t\t\t\t<\/div>\n\t\t\t\t<\/div>\n\t\t\t\t\t<\/div>\n\t\t\t\t<\/div>\n\t\t<div class=\"elementor-element elementor-element-75d8e1b e-grid e-con-boxed e-con e-parent\" data-id=\"75d8e1b\" data-element_type=\"container\" data-settings=\"{&quot;background_background&quot;:&quot;classic&quot;}\">\n\t\t\t\t\t<div class=\"e-con-inner\">\n\t\t\t\t<div class=\"elementor-element elementor-element-e1ed89e elementor-button-align-stretch elementor-widget elementor-widget-form\" data-id=\"e1ed89e\" data-element_type=\"widget\" data-settings=\"{&quot;step_next_label&quot;:&quot;Next&quot;,&quot;step_previous_label&quot;:&quot;Previous&quot;,&quot;button_width&quot;:&quot;100&quot;,&quot;step_type&quot;:&quot;number_text&quot;,&quot;step_icon_shape&quot;:&quot;circle&quot;}\" data-widget_type=\"form.default\">\n\t\t\t\t<div class=\"elementor-widget-container\">\n\t\t\t\t\t<form class=\"elementor-form\" method=\"post\" name=\"New Form\">\n\t\t\t<input type=\"hidden\" name=\"post_id\" value=\"15\"\/>\n\t\t\t<input type=\"hidden\" name=\"form_id\" value=\"e1ed89e\"\/>\n\t\t\t<input type=\"hidden\" name=\"referer_title\" value=\"Kontakt - Spas Of Sweden\" \/>\n\n\t\t\t\t\t\t\t<input type=\"hidden\" name=\"queried_id\" value=\"15\"\/>\n\t\t\t\n\t\t\t<div class=\"elementor-form-fields-wrapper elementor-labels-above\">\n\t\t\t\t\t\t\t\t<div class=\"elementor-field-type-text elementor-field-group elementor-column elementor-field-group-name elementor-col-100\">\n\t\t\t\t\t\t\t\t\t\t\t\t<label for=\"form-field-name\" class=\"elementor-field-label\">\n\t\t\t\t\t\t\t\tNamn\t\t\t\t\t\t\t<\/label>\n\t\t\t\t\t\t\t\t\t\t\t\t\t\t<input size=\"1\" type=\"text\" name=\"form_fields[name]\" id=\"form-field-name\" class=\"elementor-field elementor-size-sm  elementor-field-textual\" placeholder=\"Namn\">\n\t\t\t\t\t\t\t\t\t\t\t<\/div>\n\t\t\t\t\t\t\t\t<div class=\"elementor-field-type-email elementor-field-group elementor-column elementor-field-group-email elementor-col-100 elementor-field-required\">\n\t\t\t\t\t\t\t\t\t\t\t\t<label for=\"form-field-email\" class=\"elementor-field-label\">\n\t\t\t\t\t\t\t\tEmail\t\t\t\t\t\t\t<\/label>\n\t\t\t\t\t\t\t\t\t\t\t\t\t\t<input size=\"1\" type=\"email\" name=\"form_fields[email]\" id=\"form-field-email\" class=\"elementor-field elementor-size-sm  elementor-field-textual\" placeholder=\"Email\" required=\"required\" aria-required=\"true\">\n\t\t\t\t\t\t\t\t\t\t\t<\/div>\n\t\t\t\t\t\t\t\t<div class=\"elementor-field-type-textarea elementor-field-group elementor-column elementor-field-group-message elementor-col-100\">\n\t\t\t\t\t\t\t\t\t\t\t\t<label for=\"form-field-message\" class=\"elementor-field-label\">\n\t\t\t\t\t\t\t\tMeddelande\t\t\t\t\t\t\t<\/label>\n\t\t\t\t\t\t<textarea class=\"elementor-field-textual elementor-field  elementor-size-sm\" name=\"form_fields[message]\" id=\"form-field-message\" rows=\"4\" placeholder=\"Meddelande\"><\/textarea>\t\t\t\t<\/div>\n\t\t\t\t\t\t\t\t<div class=\"elementor-field-group elementor-column elementor-field-type-submit elementor-col-100 e-form__buttons\">\n\t\t\t\t\t<button class=\"elementor-button elementor-size-sm\" type=\"submit\">\n\t\t\t\t\t\t<span class=\"elementor-button-content-wrapper\">\n\t\t\t\t\t\t\t\t\t\t\t\t\t\t\t\t\t\t\t\t\t\t<span class=\"elementor-button-text\">Skicka<\/span>\n\t\t\t\t\t\t\t\t\t\t\t\t\t<\/span>\n\t\t\t\t\t<\/button>\n\t\t\t\t<\/div>\n\t\t\t<\/div>\n\t\t<\/form>\n\t\t\t\t<\/div>\n\t\t\t\t<\/div>\n\t\t\t\t<div class=\"elementor-element elementor-element-e2d5583 elementor-align-left elementor-icon-list--layout-traditional elementor-list-item-link-full_width elementor-widget elementor-widget-icon-list\" data-id=\"e2d5583\" data-element_type=\"widget\" data-widget_type=\"icon-list.default\">\n\t\t\t\t<div class=\"elementor-widget-container\">\n\t\t\t\t\t<ul class=\"elementor-icon-list-items\">\n\t\t\t\t\t\t\t<li class=\"elementor-icon-list-item\">\n\t\t\t\t\t\t\t\t\t\t\t<span class=\"elementor-icon-list-icon\">\n\t\t\t\t\t\t\t<svg aria-hidden=\"true\" class=\"e-font-icon-svg e-fas-phone-alt\" viewBox=\"0 0 512 512\" xmlns=\"http:\/\/www.w3.org\/2000\/svg\"><path d=\"M497.39 361.8l-112-48a24 24 0 0 0-28 6.9l-49.6 60.6A370.66 370.66 0 0 1 130.6 204.11l60.6-49.6a23.94 23.94 0 0 0 6.9-28l-48-112A24.16 24.16 0 0 0 122.6.61l-104 24A24 24 0 0 0 0 48c0 256.5 207.9 464 464 464a24 24 0 0 0 23.4-18.6l24-104a24.29 24.29 0 0 0-14.01-27.6z\"><\/path><\/svg>\t\t\t\t\t\t<\/span>\n\t\t\t\t\t\t\t\t\t\t<span class=\"elementor-icon-list-text\">075-365 87 27<\/span>\n\t\t\t\t\t\t\t\t\t<\/li>\n\t\t\t\t\t\t\t\t<li class=\"elementor-icon-list-item\">\n\t\t\t\t\t\t\t\t\t\t\t<span class=\"elementor-icon-list-icon\">\n\t\t\t\t\t\t\t<svg aria-hidden=\"true\" class=\"e-font-icon-svg e-fas-mail-bulk\" viewBox=\"0 0 576 512\" xmlns=\"http:\/\/www.w3.org\/2000\/svg\"><path d=\"M160 448c-25.6 0-51.2-22.4-64-32-64-44.8-83.2-60.8-96-70.4V480c0 17.67 14.33 32 32 32h256c17.67 0 32-14.33 32-32V345.6c-12.8 9.6-32 25.6-96 70.4-12.8 9.6-38.4 32-64 32zm128-192H32c-17.67 0-32 14.33-32 32v16c25.6 19.2 22.4 19.2 115.2 86.4 9.6 6.4 28.8 25.6 44.8 25.6s35.2-19.2 44.8-22.4c92.8-67.2 89.6-67.2 115.2-86.4V288c0-17.67-14.33-32-32-32zm256-96H224c-17.67 0-32 14.33-32 32v32h96c33.21 0 60.59 25.42 63.71 57.82l.29-.22V416h192c17.67 0 32-14.33 32-32V192c0-17.67-14.33-32-32-32zm-32 128h-64v-64h64v64zm-352-96c0-35.29 28.71-64 64-64h224V32c0-17.67-14.33-32-32-32H96C78.33 0 64 14.33 64 32v192h96v-32z\"><\/path><\/svg>\t\t\t\t\t\t<\/span>\n\t\t\t\t\t\t\t\t\t\t<span class=\"elementor-icon-list-text\">Info@spasofsweden.se<\/span>\n\t\t\t\t\t\t\t\t\t<\/li>\n\t\t\t\t\t\t<\/ul>\n\t\t\t\t<\/div>\n\t\t\t\t<\/div>\n\t\t\t\t\t<\/div>\n\t\t\t\t<\/div>\n\t\t<div class=\"elementor-element elementor-element-ea447d0 e-flex e-con-boxed e-con e-parent\" data-id=\"ea447d0\" data-element_type=\"container\">\n\t\t\t\t\t<div class=\"e-con-inner\">\n\t\t\t\t<div class=\"elementor-element elementor-element-2dc5f61 elementor-widget elementor-widget-heading\" data-id=\"2dc5f61\" data-element_type=\"widget\" data-widget_type=\"heading.default\">\n\t\t\t\t<div class=\"elementor-widget-container\">\n\t\t\t<h2 class=\"elementor-heading-title elementor-size-default\">V\u00e5ra butiker<\/h2>\t\t<\/div>\n\t\t\t\t<\/div>\n\t\t\t\t\t<\/div>\n\t\t\t\t<\/div>\n\t\t<div class=\"elementor-element elementor-element-e15705a e-grid e-con-boxed e-con e-parent\" data-id=\"e15705a\" data-element_type=\"container\">\n\t\t\t\t\t<div class=\"e-con-inner\">\n\t\t\t\t<div class=\"elementor-element elementor-element-8b19d4d elementor-position-top elementor-widget elementor-widget-image-box\" data-id=\"8b19d4d\" data-element_type=\"widget\" data-widget_type=\"image-box.default\">\n\t\t\t\t<div class=\"elementor-widget-container\">\n\t\t\t<div class=\"elementor-image-box-wrapper\"><figure class=\"elementor-image-box-img\"><img fetchpriority=\"high\" decoding=\"async\" width=\"2560\" height=\"1707\" src=\"https:\/\/spasofsweden.se\/wp-content\/uploads\/2024\/09\/jon-flobrant-GRIEUEaCr5w-unsplash-scaled.jpg\" class=\"attachment-full size-full wp-image-231\" alt=\"\" srcset=\"https:\/\/spasofsweden.se\/wp-content\/uploads\/2024\/09\/jon-flobrant-GRIEUEaCr5w-unsplash-scaled.jpg 2560w, https:\/\/spasofsweden.se\/wp-content\/uploads\/2024\/09\/jon-flobrant-GRIEUEaCr5w-unsplash-300x200.jpg 300w, https:\/\/spasofsweden.se\/wp-content\/uploads\/2024\/09\/jon-flobrant-GRIEUEaCr5w-unsplash-1024x683.jpg 1024w, https:\/\/spasofsweden.se\/wp-content\/uploads\/2024\/09\/jon-flobrant-GRIEUEaCr5w-unsplash-768x512.jpg 768w, https:\/\/spasofsweden.se\/wp-content\/uploads\/2024\/09\/jon-flobrant-GRIEUEaCr5w-unsplash-1536x1024.jpg 1536w, https:\/\/spasofsweden.se\/wp-content\/uploads\/2024\/09\/jon-flobrant-GRIEUEaCr5w-unsplash-2048x1365.jpg 2048w\" sizes=\"(max-width: 2560px) 100vw, 2560px\" \/><\/figure><div class=\"elementor-image-box-content\"><h3 class=\"elementor-image-box-title\">Stockholm<\/h3><p class=\"elementor-image-box-description\">Storgatan 45<br>114 55 Stockholm<\/p><\/div><\/div>\t\t<\/div>\n\t\t\t\t<\/div>\n\t\t\t\t<div class=\"elementor-element elementor-element-6ac1b43 elementor-position-top elementor-widget elementor-widget-image-box\" data-id=\"6ac1b43\" data-element_type=\"widget\" data-widget_type=\"image-box.default\">\n\t\t\t\t<div class=\"elementor-widget-container\">\n\t\t\t<div class=\"elementor-image-box-wrapper\"><figure class=\"elementor-image-box-img\"><img decoding=\"async\" width=\"2560\" height=\"1707\" src=\"https:\/\/spasofsweden.se\/wp-content\/uploads\/2024\/09\/jonas-jacobsson-20qv9cTILhU-unsplash-scaled.jpg\" class=\"attachment-full size-full wp-image-232\" alt=\"\" srcset=\"https:\/\/spasofsweden.se\/wp-content\/uploads\/2024\/09\/jonas-jacobsson-20qv9cTILhU-unsplash-scaled.jpg 2560w, https:\/\/spasofsweden.se\/wp-content\/uploads\/2024\/09\/jonas-jacobsson-20qv9cTILhU-unsplash-300x200.jpg 300w, https:\/\/spasofsweden.se\/wp-content\/uploads\/2024\/09\/jonas-jacobsson-20qv9cTILhU-unsplash-1024x683.jpg 1024w, https:\/\/spasofsweden.se\/wp-content\/uploads\/2024\/09\/jonas-jacobsson-20qv9cTILhU-unsplash-768x512.jpg 768w, https:\/\/spasofsweden.se\/wp-content\/uploads\/2024\/09\/jonas-jacobsson-20qv9cTILhU-unsplash-1536x1024.jpg 1536w, https:\/\/spasofsweden.se\/wp-content\/uploads\/2024\/09\/jonas-jacobsson-20qv9cTILhU-unsplash-2048x1365.jpg 2048w\" sizes=\"(max-width: 2560px) 100vw, 2560px\" \/><\/figure><div class=\"elementor-image-box-content\"><h3 class=\"elementor-image-box-title\">G\u00f6teborg<\/h3><p class=\"elementor-image-box-description\">Lilla Bommen 12<br>411 04 G\u00f6teborg<\/p><\/div><\/div>\t\t<\/div>\n\t\t\t\t<\/div>\n\t\t\t\t<div class=\"elementor-element elementor-element-d264b69 elementor-position-top elementor-widget elementor-widget-image-box\" data-id=\"d264b69\" data-element_type=\"widget\" data-widget_type=\"image-box.default\">\n\t\t\t\t<div class=\"elementor-widget-container\">\n\t\t\t<div class=\"elementor-image-box-wrapper\"><figure class=\"elementor-image-box-img\"><img decoding=\"async\" width=\"2560\" height=\"1707\" src=\"https:\/\/spasofsweden.se\/wp-content\/uploads\/2024\/09\/casper-van-battum-ZTGGdBgeCeE-unsplash-scaled.jpg\" class=\"attachment-full size-full wp-image-233\" alt=\"\" srcset=\"https:\/\/spasofsweden.se\/wp-content\/uploads\/2024\/09\/casper-van-battum-ZTGGdBgeCeE-unsplash-scaled.jpg 2560w, https:\/\/spasofsweden.se\/wp-content\/uploads\/2024\/09\/casper-van-battum-ZTGGdBgeCeE-unsplash-300x200.jpg 300w, https:\/\/spasofsweden.se\/wp-content\/uploads\/2024\/09\/casper-van-battum-ZTGGdBgeCeE-unsplash-1024x683.jpg 1024w, https:\/\/spasofsweden.se\/wp-content\/uploads\/2024\/09\/casper-van-battum-ZTGGdBgeCeE-unsplash-768x512.jpg 768w, https:\/\/spasofsweden.se\/wp-content\/uploads\/2024\/09\/casper-van-battum-ZTGGdBgeCeE-unsplash-1536x1024.jpg 1536w, https:\/\/spasofsweden.se\/wp-content\/uploads\/2024\/09\/casper-van-battum-ZTGGdBgeCeE-unsplash-2048x1365.jpg 2048w\" sizes=\"(max-width: 2560px) 100vw, 2560px\" \/><\/figure><div class=\"elementor-image-box-content\"><h3 class=\"elementor-image-box-title\">Visby<\/h3><p class=\"elementor-image-box-description\">Strandgatan 21<br>621 56 Visby<\/p><\/div><\/div>\t\t<\/div>\n\t\t\t\t<\/div>\n\t\t\t\t\t<\/div>\n\t\t\t\t<\/div>\n\t\t\t\t<\/div>\n\t\t","protected":false},"excerpt":{"rendered":"<p>Har du fr\u00e5gor eller funderingar? Vi hj\u00e4lper dig g\u00e4rna! Oavsett om du vill veta mer om v\u00e5ra spabad och pooler, eller om du beh\u00f6ver r\u00e5dgivning inf\u00f6r ditt k\u00f6p, \u00e4r v\u00e5rt team h\u00e4r f\u00f6r att hj\u00e4lpa dig. Bes\u00f6k en av v\u00e5ra butiker nedan, fyll i formul\u00e4ret eller ring oss direkt. Vi ser fram emot att h\u00f6ra [&hellip;]<\/p>\n","protected":false},"author":1,"featured_media":0,"parent":0,"menu_order":0,"comment_status":"closed","ping_status":"closed","template":"","meta":{"rank_math_lock_modified_date":false,"footnotes":""},"class_list":["post-15","page","type-page","status-publish","hentry"],"_links":{"self":[{"href":"https:\/\/spasofsweden.se\/index.php?rest_route=\/wp\/v2\/pages\/15","targetHints":{"allow":["GET"]}}],"collection":[{"href":"https:\/\/spasofsweden.se\/index.php?rest_route=\/wp\/v2\/pages"}],"about":[{"href":"https:\/\/spasofsweden.se\/index.php?rest_route=\/wp\/v2\/types\/page"}],"author":[{"embeddable":true,"href":"https:\/\/spasofsweden.se\/index.php?rest_route=\/wp\/v2\/users\/1"}],"replies":[{"embeddable":true,"href":"https:\/\/spasofsweden.se\/index.php?rest_route=%2Fwp%2Fv2%2Fcomments&post=15"}],"version-history":[{"count":61,"href":"https:\/\/spasofsweden.se\/index.php?rest_route=\/wp\/v2\/pages\/15\/revisions"}],"predecessor-version":[{"id":767,"href":"https:\/\/spasofsweden.se\/index.php?rest_route=\/wp\/v2\/pages\/15\/revisions\/767"}],"wp:attachment":[{"href":"https:\/\/spasofsweden.se\/index.php?rest_route=%2Fwp%2Fv2%2Fmedia&parent=15"}],"curies":[{"name":"wp","href":"https:\/\/api.w.org\/{rel}","templated":true}]}}